{"id":1057,"date":"2020-07-29T09:15:43","date_gmt":"2020-07-29T09:15:43","guid":{"rendered":"http:\/\/swiatkamieni.com\/fensterbretter\/"},"modified":"2022-05-13T09:40:45","modified_gmt":"2022-05-13T09:40:45","slug":"parapety","status":"publish","type":"page","link":"http:\/\/swiatkamieni.com\/pl\/realizacje\/parapety\/","title":{"rendered":"Parapety"},"content":{"rendered":"\t\t<div data-elementor-type=\"wp-page\" data-elementor-id=\"1057\" class=\"elementor elementor-1057 elementor-244\" data-elementor-post-type=\"page\">\n\t\t\t\t\t\t<section class=\"elementor-section elementor-top-section elementor-element elementor-element-30f48755 elementor-section-content-middle elementor-section-boxed elementor-section-height-default elementor-section-height-default\" data-id=\"30f48755\" data-element_type=\"section\">\n\t\t\t\t\t\t<div class=\"elementor-container elementor-column-gap-default\">\n\t\t\t\t\t<div class=\"elementor-column elementor-col-100 elementor-top-column elementor-element elementor-element-332dca74\" data-id=\"332dca74\" data-element_type=\"column\">\n\t\t\t<div class=\"elementor-widget-wrap elementor-element-populated\">\n\t\t\t\t\t\t<div class=\"elementor-element elementor-element-51cb4e1b elementor-widget elementor-widget-heading\" data-id=\"51cb4e1b\" data-element_type=\"widget\" data-widget_type=\"heading.default\">\n\t\t\t\t<div class=\"elementor-widget-container\">\n\t\t\t<h1 class=\"elementor-heading-title elementor-size-default\">Realizacje <span style=\"color:#8d7e64\">&gt; <\/span> Parapety<\/h1>\t\t<\/div>\n\t\t\t\t<\/div>\n\t\t\t\t<div class=\"elementor-element elementor-element-34d1827c ee-grid-halign--center ee-media-effect__content--from-bottom ee-grid-columns-3 ee-grid-columns-tablet-2 ee-grid-columns-mobile-1 ee-grid-align--top ee-gallery-overflow-tablet--yes ee-gallery-overflow-mobile--yes ee-media-align--bottom ee-media-align--justify elementor-widget elementor-widget-gallery-extra\" data-id=\"34d1827c\" data-element_type=\"widget\" data-settings=\"{&quot;columns&quot;:&quot;3&quot;,&quot;columns_tablet&quot;:&quot;2&quot;,&quot;columns_mobile&quot;:&quot;1&quot;}\" data-widget_type=\"gallery-extra.default\">\n\t\t\t\t<div class=\"elementor-widget-container\">\n\t\t\t<div class=\"ee-gallery-wrapper\">\n\t\t\t<div class=\"ee-gallery ee-grid ee-grid--gallery ee-gallery__gallery\"><div class=\"ee-gallery__item ee-gallery__item--1 ee-grid__item\">\n\t\t\t\t<a class=\"ee-media ee-gallery__media\" data-elementor-open-lightbox=\"yes\" data-elementor-lightbox-slideshow=\"34d1827c_1057\" data-elementor-lightbox-title=\"par-12\" data-e-action-hash=\"#elementor-action%3Aaction%3Dlightbox%26settings%3DeyJpZCI6ODY2LCJ1cmwiOiJodHRwOlwvXC9zd2lhdGthbWllbmkuY29tXC93cC1jb250ZW50XC91cGxvYWRzXC8yMDIwXC8wOFwvcGFyLTEyLmpwZyIsInNsaWRlc2hvdyI6IjM0ZDE4MjdjXzEwNTcifQ%3D%3D\" href=\"http:\/\/swiatkamieni.com\/wp-content\/uploads\/2020\/08\/par-12.jpg\">\n\t\t\t\t\t<div class=\"ee-media__wrapper ee-gallery__media-wrapper\"><div class=\"ee-media__thumbnail ee-gallery__media__thumbnail\">\n\t\t\t<img decoding=\"async\" src=\"http:\/\/swiatkamieni.com\/wp-content\/uploads\/elementor\/thumbs\/par-12-otilbzza84yjznbg7ibvuqybvrlatmeit0euxqkn20.jpg\" title=\"par-12\" \/>\n\t\t<\/div><div class=\"ee-media__overlay ee-gallery__media__overlay\"><\/div><figcaption class=\"ee-media__content ee-gallery__media__content\">\n\t\t\t<div class=\"wp-caption-text ee-media__content__caption ee-gallery__media__caption ee-caption ee-caption--wordpress\">\n\t\t\t\tpar-12\t\t\t<\/div>\n\t\t<\/figcaption><\/div>\n\t\t\t\t<\/a>\n\t\t\t<\/div><div class=\"ee-gallery__item ee-gallery__item--2 ee-grid__item\">\n\t\t\t\t<a class=\"ee-media ee-gallery__media\" data-elementor-open-lightbox=\"yes\" data-elementor-lightbox-slideshow=\"34d1827c_1057\" data-elementor-lightbox-title=\"par-11\" data-e-action-hash=\"#elementor-action%3Aaction%3Dlightbox%26settings%3DeyJpZCI6ODY1LCJ1cmwiOiJodHRwOlwvXC9zd2lhdGthbWllbmkuY29tXC93cC1jb250ZW50XC91cGxvYWRzXC8yMDIwXC8wOFwvcGFyLTExLmpwZyIsInNsaWRlc2hvdyI6IjM0ZDE4MjdjXzEwNTcifQ%3D%3D\" href=\"http:\/\/swiatkamieni.com\/wp-content\/uploads\/2020\/08\/par-11.jpg\">\n\t\t\t\t\t<div class=\"ee-media__wrapper ee-gallery__media-wrapper\"><div class=\"ee-media__thumbnail ee-gallery__media__thumbnail\">\n\t\t\t<img decoding=\"async\" src=\"http:\/\/swiatkamieni.com\/wp-content\/uploads\/elementor\/thumbs\/par-11-otilbz1g1ax9o1ctczx9a96vadpxlxasgvrdggm188.jpg\" title=\"par-11\" \/>\n\t\t<\/div><div class=\"ee-media__overlay ee-gallery__media__overlay\"><\/div><figcaption class=\"ee-media__content ee-gallery__media__content\">\n\t\t\t<div class=\"wp-caption-text ee-media__content__caption ee-gallery__media__caption ee-caption ee-caption--wordpress\">\n\t\t\t\tpar-11\t\t\t<\/div>\n\t\t<\/figcaption><\/div>\n\t\t\t\t<\/a>\n\t\t\t<\/div><div class=\"ee-gallery__item ee-gallery__item--3 ee-grid__item\">\n\t\t\t\t<a class=\"ee-media ee-gallery__media\" data-elementor-open-lightbox=\"yes\" data-elementor-lightbox-slideshow=\"34d1827c_1057\" data-elementor-lightbox-title=\"par-10\" data-e-action-hash=\"#elementor-action%3Aaction%3Dlightbox%26settings%3DeyJpZCI6ODY0LCJ1cmwiOiJodHRwOlwvXC9zd2lhdGthbWllbmkuY29tXC93cC1jb250ZW50XC91cGxvYWRzXC8yMDIwXC8wOFwvcGFyLTEwLmpwZyIsInNsaWRlc2hvdyI6IjM0ZDE4MjdjXzEwNTcifQ%3D%3D\" href=\"http:\/\/swiatkamieni.com\/wp-content\/uploads\/2020\/08\/par-10.jpg\">\n\t\t\t\t\t<div class=\"ee-media__wrapper ee-gallery__media-wrapper\"><div class=\"ee-media__thumbnail ee-gallery__media__thumbnail\">\n\t\t\t<img decoding=\"async\" src=\"http:\/\/swiatkamieni.com\/wp-content\/uploads\/elementor\/thumbs\/par-10-otilby3lugvzcfe6ihimprfeozuke8724r3vz6nfeg.jpg\" title=\"par-10\" \/>\n\t\t<\/div><div class=\"ee-media__overlay ee-gallery__media__overlay\"><\/div><figcaption class=\"ee-media__content ee-gallery__media__content\">\n\t\t\t<div class=\"wp-caption-text ee-media__content__caption ee-gallery__media__caption ee-caption ee-caption--wordpress\">\n\t\t\t\tpar-10\t\t\t<\/div>\n\t\t<\/figcaption><\/div>\n\t\t\t\t<\/a>\n\t\t\t<\/div><div class=\"ee-gallery__item ee-gallery__item--4 ee-grid__item\">\n\t\t\t\t<a class=\"ee-media ee-gallery__media\" data-elementor-open-lightbox=\"yes\" data-elementor-lightbox-slideshow=\"34d1827c_1057\" data-elementor-lightbox-title=\"par-9\" data-e-action-hash=\"#elementor-action%3Aaction%3Dlightbox%26settings%3DeyJpZCI6ODYzLCJ1cmwiOiJodHRwOlwvXC9zd2lhdGthbWllbmkuY29tXC93cC1jb250ZW50XC91cGxvYWRzXC8yMDIwXC8wOFwvcGFyLTkuanBnIiwic2xpZGVzaG93IjoiMzRkMTgyN2NfMTA1NyJ9\" href=\"http:\/\/swiatkamieni.com\/wp-content\/uploads\/2020\/08\/par-9.jpg\">\n\t\t\t\t\t<div class=\"ee-media__wrapper ee-gallery__media-wrapper\"><div class=\"ee-media__thumbnail ee-gallery__media__thumbnail\">\n\t\t\t<img decoding=\"async\" src=\"http:\/\/swiatkamieni.com\/wp-content\/uploads\/elementor\/thumbs\/par-9-otilbw7xgstep7gwtgpdkrwhi83tytzlghsx0mq7qw.jpg\" title=\"par-9\" \/>\n\t\t<\/div><div class=\"ee-media__overlay ee-gallery__media__overlay\"><\/div><figcaption class=\"ee-media__content ee-gallery__media__content\">\n\t\t\t<div class=\"wp-caption-text ee-media__content__caption ee-gallery__media__caption ee-caption ee-caption--wordpress\">\n\t\t\t\tpar-9\t\t\t<\/div>\n\t\t<\/figcaption><\/div>\n\t\t\t\t<\/a>\n\t\t\t<\/div><div class=\"ee-gallery__item ee-gallery__item--5 ee-grid__item\">\n\t\t\t\t<a class=\"ee-media ee-gallery__media\" data-elementor-open-lightbox=\"yes\" data-elementor-lightbox-slideshow=\"34d1827c_1057\" data-elementor-lightbox-title=\"par-8\" data-e-action-hash=\"#elementor-action%3Aaction%3Dlightbox%26settings%3DeyJpZCI6ODYyLCJ1cmwiOiJodHRwOlwvXC9zd2lhdGthbWllbmkuY29tXC93cC1jb250ZW50XC91cGxvYWRzXC8yMDIwXC8wOFwvcGFyLTguanBnIiwic2xpZGVzaG93IjoiMzRkMTgyN2NfMTA1NyJ9\" href=\"http:\/\/swiatkamieni.com\/wp-content\/uploads\/2020\/08\/par-8.jpg\">\n\t\t\t\t\t<div class=\"ee-media__wrapper ee-gallery__media-wrapper\"><div class=\"ee-media__thumbnail ee-gallery__media__thumbnail\">\n\t\t\t<img decoding=\"async\" src=\"http:\/\/swiatkamieni.com\/wp-content\/uploads\/elementor\/thumbs\/par-8-otilbva39ys4dli9yyar0a50wu8gr4vv4d5fjcrlx4.jpg\" title=\"par-8\" \/>\n\t\t<\/div><div class=\"ee-media__overlay ee-gallery__media__overlay\"><\/div><figcaption class=\"ee-media__content ee-gallery__media__content\">\n\t\t\t<div class=\"wp-caption-text ee-media__content__caption ee-gallery__media__caption ee-caption ee-caption--wordpress\">\n\t\t\t\tpar-8\t\t\t<\/div>\n\t\t<\/figcaption><\/div>\n\t\t\t\t<\/a>\n\t\t\t<\/div><div class=\"ee-gallery__item ee-gallery__item--6 ee-grid__item\">\n\t\t\t\t<a class=\"ee-media ee-gallery__media\" data-elementor-open-lightbox=\"yes\" data-elementor-lightbox-slideshow=\"34d1827c_1057\" data-elementor-lightbox-title=\"par-7\" data-e-action-hash=\"#elementor-action%3Aaction%3Dlightbox%26settings%3DeyJpZCI6ODYxLCJ1cmwiOiJodHRwOlwvXC9zd2lhdGthbWllbmkuY29tXC93cC1jb250ZW50XC91cGxvYWRzXC8yMDIwXC8wOFwvcGFyLTcuanBnIiwic2xpZGVzaG93IjoiMzRkMTgyN2NfMTA1NyJ9\" href=\"http:\/\/swiatkamieni.com\/wp-content\/uploads\/2020\/08\/par-7.jpg\">\n\t\t\t\t\t<div class=\"ee-media__wrapper ee-gallery__media-wrapper\"><div class=\"ee-media__thumbnail ee-gallery__media__thumbnail\">\n\t\t\t<img decoding=\"async\" src=\"http:\/\/swiatkamieni.com\/wp-content\/uploads\/elementor\/thumbs\/par-7-otilbuc934qu1zjn4fw4fsdkbgd3jfs4s8hy22t03c.jpg\" title=\"par-7\" \/>\n\t\t<\/div><div class=\"ee-media__overlay ee-gallery__media__overlay\"><\/div><figcaption class=\"ee-media__content ee-gallery__media__content\">\n\t\t\t<div class=\"wp-caption-text ee-media__content__caption ee-gallery__media__caption ee-caption ee-caption--wordpress\">\n\t\t\t\tpar-7\t\t\t<\/div>\n\t\t<\/figcaption><\/div>\n\t\t\t\t<\/a>\n\t\t\t<\/div><div class=\"ee-gallery__item ee-gallery__item--7 ee-grid__item\">\n\t\t\t\t<a class=\"ee-media ee-gallery__media\" data-elementor-open-lightbox=\"yes\" data-elementor-lightbox-slideshow=\"34d1827c_1057\" data-elementor-lightbox-title=\"par-6\" data-e-action-hash=\"#elementor-action%3Aaction%3Dlightbox%26settings%3DeyJpZCI6ODYwLCJ1cmwiOiJodHRwOlwvXC9zd2lhdGthbWllbmkuY29tXC93cC1jb250ZW50XC91cGxvYWRzXC8yMDIwXC8wOFwvcGFyLTYuanBnIiwic2xpZGVzaG93IjoiMzRkMTgyN2NfMTA1NyJ9\" href=\"http:\/\/swiatkamieni.com\/wp-content\/uploads\/2020\/08\/par-6.jpg\">\n\t\t\t\t\t<div class=\"ee-media__wrapper ee-gallery__media-wrapper\"><div class=\"ee-media__thumbnail ee-gallery__media__thumbnail\">\n\t\t\t<img decoding=\"async\" src=\"http:\/\/swiatkamieni.com\/wp-content\/uploads\/elementor\/thumbs\/par-6-otilbsgkpgo9ermdff2vasun4omd41ko3z6z3ivsfs.jpg\" title=\"par-6\" \/>\n\t\t<\/div><div class=\"ee-media__overlay ee-gallery__media__overlay\"><\/div><figcaption class=\"ee-media__content ee-gallery__media__content\">\n\t\t\t<div class=\"wp-caption-text ee-media__content__caption ee-gallery__media__caption ee-caption ee-caption--wordpress\">\n\t\t\t\tpar-6\t\t\t<\/div>\n\t\t<\/figcaption><\/div>\n\t\t\t\t<\/a>\n\t\t\t<\/div><div class=\"ee-gallery__item ee-gallery__item--8 ee-grid__item\">\n\t\t\t\t<a class=\"ee-media ee-gallery__media\" data-elementor-open-lightbox=\"yes\" data-elementor-lightbox-slideshow=\"34d1827c_1057\" data-elementor-lightbox-title=\"par-5\" data-e-action-hash=\"#elementor-action%3Aaction%3Dlightbox%26settings%3DeyJpZCI6ODU5LCJ1cmwiOiJodHRwOlwvXC9zd2lhdGthbWllbmkuY29tXC93cC1jb250ZW50XC91cGxvYWRzXC8yMDIwXC8wOFwvcGFyLTUuanBnIiwic2xpZGVzaG93IjoiMzRkMTgyN2NfMTA1NyJ9\" href=\"http:\/\/swiatkamieni.com\/wp-content\/uploads\/2020\/08\/par-5.jpg\">\n\t\t\t\t\t<div class=\"ee-media__wrapper ee-gallery__media-wrapper\"><div class=\"ee-media__thumbnail ee-gallery__media__thumbnail\">\n\t\t\t<img decoding=\"async\" src=\"http:\/\/swiatkamieni.com\/wp-content\/uploads\/elementor\/thumbs\/par-5-otilbriqimmz35nqkwo8qb36jaqzwcgxrujhm8x6m0.jpg\" title=\"par-5\" \/>\n\t\t<\/div><div class=\"ee-media__overlay ee-gallery__media__overlay\"><\/div><figcaption class=\"ee-media__content ee-gallery__media__content\">\n\t\t\t<div class=\"wp-caption-text ee-media__content__caption ee-gallery__media__caption ee-caption ee-caption--wordpress\">\n\t\t\t\tpar-5\t\t\t<\/div>\n\t\t<\/figcaption><\/div>\n\t\t\t\t<\/a>\n\t\t\t<\/div><div class=\"ee-gallery__item ee-gallery__item--9 ee-grid__item\">\n\t\t\t\t<a class=\"ee-media ee-gallery__media\" data-elementor-open-lightbox=\"yes\" data-elementor-lightbox-slideshow=\"34d1827c_1057\" data-elementor-lightbox-title=\"par-4\" data-e-action-hash=\"#elementor-action%3Aaction%3Dlightbox%26settings%3DeyJpZCI6ODU4LCJ1cmwiOiJodHRwOlwvXC9zd2lhdGthbWllbmkuY29tXC93cC1jb250ZW50XC91cGxvYWRzXC8yMDIwXC8wOFwvcGFyLTQuanBnIiwic2xpZGVzaG93IjoiMzRkMTgyN2NfMTA1NyJ9\" href=\"http:\/\/swiatkamieni.com\/wp-content\/uploads\/2020\/08\/par-4.jpg\">\n\t\t\t\t\t<div class=\"ee-media__wrapper ee-gallery__media-wrapper\"><div class=\"ee-media__thumbnail ee-gallery__media__thumbnail\">\n\t\t\t<img decoding=\"async\" src=\"http:\/\/swiatkamieni.com\/wp-content\/uploads\/elementor\/thumbs\/par-4-otilbqkwbslorjp3qe9m5tbpxwvmond7fpw04yyks8.jpg\" title=\"par-4\" \/>\n\t\t<\/div><div class=\"ee-media__overlay ee-gallery__media__overlay\"><\/div><figcaption class=\"ee-media__content ee-gallery__media__content\">\n\t\t\t<div class=\"wp-caption-text ee-media__content__caption ee-gallery__media__caption ee-caption ee-caption--wordpress\">\n\t\t\t\tpar-4\t\t\t<\/div>\n\t\t<\/figcaption><\/div>\n\t\t\t\t<\/a>\n\t\t\t<\/div><div class=\"ee-gallery__item ee-gallery__item--10 ee-grid__item\">\n\t\t\t\t<a class=\"ee-media ee-gallery__media\" data-elementor-open-lightbox=\"yes\" data-elementor-lightbox-slideshow=\"34d1827c_1057\" data-elementor-lightbox-title=\"par-3\" data-e-action-hash=\"#elementor-action%3Aaction%3Dlightbox%26settings%3DeyJpZCI6ODU3LCJ1cmwiOiJodHRwOlwvXC9zd2lhdGthbWllbmkuY29tXC93cC1jb250ZW50XC91cGxvYWRzXC8yMDIwXC8wOFwvcGFyLTMuanBnIiwic2xpZGVzaG93IjoiMzRkMTgyN2NfMTA1NyJ9\" href=\"http:\/\/swiatkamieni.com\/wp-content\/uploads\/2020\/08\/par-3.jpg\">\n\t\t\t\t\t<div class=\"ee-media__wrapper ee-gallery__media-wrapper\"><div class=\"ee-media__thumbnail ee-gallery__media__thumbnail\">\n\t\t\t<img decoding=\"async\" src=\"http:\/\/swiatkamieni.com\/wp-content\/uploads\/elementor\/thumbs\/par-3-otilbpn24ykefxqgvvuzlbk9cj09gy9h3l8inozyyg.jpg\" title=\"par-3\" \/>\n\t\t<\/div><div class=\"ee-media__overlay ee-gallery__media__overlay\"><\/div><figcaption class=\"ee-media__content ee-gallery__media__content\">\n\t\t\t<div class=\"wp-caption-text ee-media__content__caption ee-gallery__media__caption ee-caption ee-caption--wordpress\">\n\t\t\t\tpar-3\t\t\t<\/div>\n\t\t<\/figcaption><\/div>\n\t\t\t\t<\/a>\n\t\t\t<\/div><div class=\"ee-gallery__item ee-gallery__item--11 ee-grid__item\">\n\t\t\t\t<a class=\"ee-media ee-gallery__media\" data-elementor-open-lightbox=\"yes\" data-elementor-lightbox-slideshow=\"34d1827c_1057\" data-elementor-lightbox-title=\"par-2\" data-e-action-hash=\"#elementor-action%3Aaction%3Dlightbox%26settings%3DeyJpZCI6ODU2LCJ1cmwiOiJodHRwOlwvXC9zd2lhdGthbWllbmkuY29tXC93cC1jb250ZW50XC91cGxvYWRzXC8yMDIwXC8wOFwvcGFyLTIuanBnIiwic2xpZGVzaG93IjoiMzRkMTgyN2NfMTA1NyJ9\" href=\"http:\/\/swiatkamieni.com\/wp-content\/uploads\/2020\/08\/par-2.jpg\">\n\t\t\t\t\t<div class=\"ee-media__wrapper ee-gallery__media-wrapper\"><div class=\"ee-media__thumbnail ee-gallery__media__thumbnail\">\n\t\t\t<img decoding=\"async\" src=\"http:\/\/swiatkamieni.com\/wp-content\/uploads\/elementor\/thumbs\/par-2-otilbnrdrahtspt76v1qgc1c5r9j1k20fbxjp52raw.jpg\" title=\"par-2\" \/>\n\t\t<\/div><div class=\"ee-media__overlay ee-gallery__media__overlay\"><\/div><figcaption class=\"ee-media__content ee-gallery__media__content\">\n\t\t\t<div class=\"wp-caption-text ee-media__content__caption ee-gallery__media__caption ee-caption ee-caption--wordpress\">\n\t\t\t\tpar-2\t\t\t<\/div>\n\t\t<\/figcaption><\/div>\n\t\t\t\t<\/a>\n\t\t\t<\/div><div class=\"ee-gallery__item ee-gallery__item--12 ee-grid__item\">\n\t\t\t\t<a class=\"ee-media ee-gallery__media\" data-elementor-open-lightbox=\"yes\" data-elementor-lightbox-slideshow=\"34d1827c_1057\" data-elementor-lightbox-title=\"par-1\" data-e-action-hash=\"#elementor-action%3Aaction%3Dlightbox%26settings%3DeyJpZCI6ODU1LCJ1cmwiOiJodHRwOlwvXC9zd2lhdGthbWllbmkuY29tXC93cC1jb250ZW50XC91cGxvYWRzXC8yMDIwXC8wOFwvcGFyLTEuanBnIiwic2xpZGVzaG93IjoiMzRkMTgyN2NfMTA1NyJ9\" href=\"http:\/\/swiatkamieni.com\/wp-content\/uploads\/2020\/08\/par-1.jpg\">\n\t\t\t\t\t<div class=\"ee-media__wrapper ee-gallery__media-wrapper\"><div class=\"ee-media__thumbnail ee-gallery__media__thumbnail\">\n\t\t\t<img decoding=\"async\" src=\"http:\/\/swiatkamieni.com\/wp-content\/uploads\/elementor\/thumbs\/par-1-otilblvpdmf95hvxhu8hbcieyzism5ujr2mkql5jnc.jpg\" title=\"par-1\" \/>\n\t\t<\/div><div class=\"ee-media__overlay ee-gallery__media__overlay\"><\/div><figcaption class=\"ee-media__content ee-gallery__media__content\">\n\t\t\t<div class=\"wp-caption-text ee-media__content__caption ee-gallery__media__caption ee-caption ee-caption--wordpress\">\n\t\t\t\tpar-1\t\t\t<\/div>\n\t\t<\/figcaption><\/div>\n\t\t\t\t<\/a>\n\t\t\t<\/div><\/div>\n\t\t<\/div>\t\t<\/div>\n\t\t\t\t<\/div>\n\t\t\t\t<div class=\"elementor-element elementor-element-7b87962 elementor-hidden-phone elementor-widget elementor-widget-premium-addon-button\" data-id=\"7b87962\" data-element_type=\"widget\" data-widget_type=\"premium-addon-button.default\">\n\t\t\t\t<div class=\"elementor-widget-container\">\n\t\t\t\n\n\t\t<a class=\"premium-button premium-button-none premium-btn-lg premium-button-none\" href=\"http:\/\/swiatkamieni.com\/pl\/realizacje\/\">\n\t\t\t<div class=\"premium-button-text-icon-wrapper\">\n\t\t\t\t\n\t\t\t\t\t<!-- Before Icon -->\n\t\t\t\t\t\t\t\t\t\n\t\t\t\t\t\t\t\t\t<span >\n\t\t\t\t\t\tWszystkie realizacje\t\t\t\t\t<\/span>\n\t\t\t\t\n\t\t\t\t<!-- After Icon -->\n\t\t\t\t\t\t\t\t\t\t\t\t\t\t\t\t\t\t\t\t\t\t<i class=\"premium-svg-nodraw premium-drawable-icon fas fa-chevron-right\" aria-hidden=\"true\"><\/i>\t\t\t\t\t\t\t\t\t\t\t\t\t\t\t\t\t\t<\/div>\n\n\t\t\t\n\t\t\t\n\t\t\t\n\t\t<\/a>\n\n\n\t\t\t\t<\/div>\n\t\t\t\t<\/div>\n\t\t\t\t<div class=\"elementor-element elementor-element-1301e7e7 elementor-hidden-desktop elementor-hidden-tablet elementor-widget elementor-widget-premium-addon-button\" data-id=\"1301e7e7\" data-element_type=\"widget\" data-widget_type=\"premium-addon-button.default\">\n\t\t\t\t<div class=\"elementor-widget-container\">\n\t\t\t\n\n\t\t<a class=\"premium-button premium-button-none premium-btn-lg premium-button-none\" href=\"http:\/\/swiatkamieni.com\/pl\/realizacje\/\">\n\t\t\t<div class=\"premium-button-text-icon-wrapper\">\n\t\t\t\t\n\t\t\t\t\t<!-- Before Icon -->\n\t\t\t\t\t\t\t\t\t\n\t\t\t\t\t\t\t\t\t<span >\n\t\t\t\t\t\tWszystkie realizacje\t\t\t\t\t<\/span>\n\t\t\t\t\n\t\t\t\t<!-- After Icon -->\n\t\t\t\t\t\t\t\t\t\t\t\t\t\t\t\t\t\t\t\t\t\t<svg xmlns=\"http:\/\/www.w3.org\/2000\/svg\" width=\"32\" height=\"32\" viewBox=\"0 0 32 32\"><g fill=\"none\" fill-rule=\"evenodd\" stroke=\"#B7A991\"><path stroke-width=\"2\" d=\"M17.25 10.5L21.75 15 17.25 19.5M8.25 15L19.5 15\" transform=\"translate(1 1)\"><\/path><path stroke-width=\"1.5\" d=\"M21.75 15L19.5 15\" transform=\"translate(1 1)\"><\/path><path stroke-width=\"2\" d=\"M15 0c8.285 0 15 6.715 15 15s-6.715 15-15 15S0 23.285 0 15 6.715 0 15 0z\" transform=\"translate(1 1)\"><\/path><\/g><\/svg>\t\t\t\t\t\t\t\t\t\t\t\t\t\t\t\t\t\t<\/div>\n\n\t\t\t\n\t\t\t\n\t\t\t\n\t\t<\/a>\n\n\n\t\t\t\t<\/div>\n\t\t\t\t<\/div>\n\t\t\t\t\t<\/div>\n\t\t<\/div>\n\t\t\t\t\t<\/div>\n\t\t<\/section>\n\t\t\t\t<section class=\"elementor-section elementor-top-section elementor-element elementor-element-776095e7 elementor-section-content-middle elementor-reverse-mobile elementor-section-boxed elementor-section-height-default elementor-section-height-default\" data-id=\"776095e7\" data-element_type=\"section\">\n\t\t\t\t\t\t<div class=\"elementor-container elementor-column-gap-default\">\n\t\t\t\t\t<div class=\"elementor-column elementor-col-50 elementor-top-column elementor-element elementor-element-50e8e256\" data-id=\"50e8e256\" data-element_type=\"column\" data-settings=\"{&quot;background_background&quot;:&quot;classic&quot;}\">\n\t\t\t<div class=\"elementor-widget-wrap elementor-element-populated\">\n\t\t\t\t\t\t<div class=\"elementor-element elementor-element-3bfd0d7 elementor-widget elementor-widget-heading\" data-id=\"3bfd0d7\" data-element_type=\"widget\" data-widget_type=\"heading.default\">\n\t\t\t\t<div class=\"elementor-widget-container\">\n\t\t\t<h2 class=\"elementor-heading-title elementor-size-default\">Oferta<\/h2>\t\t<\/div>\n\t\t\t\t<\/div>\n\t\t\t\t<div class=\"elementor-element elementor-element-6942400a elementor-widget elementor-widget-heading\" data-id=\"6942400a\" data-element_type=\"widget\" data-widget_type=\"heading.default\">\n\t\t\t\t<div class=\"elementor-widget-container\">\n\t\t\t<h3 class=\"elementor-heading-title elementor-size-default\">Poznaj pe\u0142n\u0105 gam\u0119 naszej oferty oraz przyk\u0142adowe realizacje.<\/h3>\t\t<\/div>\n\t\t\t\t<\/div>\n\t\t\t\t\t<\/div>\n\t\t<\/div>\n\t\t\t\t<div class=\"elementor-column elementor-col-50 elementor-top-column elementor-element elementor-element-13cd6b87\" data-id=\"13cd6b87\" data-element_type=\"column\" data-settings=\"{&quot;background_background&quot;:&quot;classic&quot;}\">\n\t\t\t<div class=\"elementor-widget-wrap elementor-element-populated\">\n\t\t\t\t\t\t<div class=\"elementor-element elementor-element-3f250318 elementor-widget-divider--view-line elementor-widget elementor-widget-divider\" data-id=\"3f250318\" data-element_type=\"widget\" data-widget_type=\"divider.default\">\n\t\t\t\t<div class=\"elementor-widget-container\">\n\t\t\t\t\t<div class=\"elementor-divider\">\n\t\t\t<span class=\"elementor-divider-separator\">\n\t\t\t\t\t\t<\/span>\n\t\t<\/div>\n\t\t\t\t<\/div>\n\t\t\t\t<\/div>\n\t\t\t\t\t<\/div>\n\t\t<\/div>\n\t\t\t\t\t<\/div>\n\t\t<\/section>\n\t\t\t\t<\/div>\n\t\t","protected":false},"excerpt":{"rendered":"<p>par-12 par-11 par-10 par-9 par-8 par-7 par-6 par-5 par-4 par-3 par-2 par-1 Wszystkie realizacje Wszystkie realizacje Oferta Poznaj pe\u0142n\u0105 gam\u0119 naszej oferty oraz przyk\u0142adowe realizacje.<\/p>\n","protected":false},"author":1,"featured_media":0,"parent":1059,"menu_order":0,"comment_status":"closed","ping_status":"closed","template":"","meta":{"_seopress_robots_primary_cat":"","_seopress_titles_title":"","_seopress_titles_desc":"","_seopress_robots_index":"","footnotes":""},"class_list":["post-1057","page","type-page","status-publish","hentry"],"_links":{"self":[{"href":"http:\/\/swiatkamieni.com\/pl\/wp-json\/wp\/v2\/pages\/1057","targetHints":{"allow":["GET"]}}],"collection":[{"href":"http:\/\/swiatkamieni.com\/pl\/wp-json\/wp\/v2\/pages"}],"about":[{"href":"http:\/\/swiatkamieni.com\/pl\/wp-json\/wp\/v2\/types\/page"}],"author":[{"embeddable":true,"href":"http:\/\/swiatkamieni.com\/pl\/wp-json\/wp\/v2\/users\/1"}],"replies":[{"embeddable":true,"href":"http:\/\/swiatkamieni.com\/pl\/wp-json\/wp\/v2\/comments?post=1057"}],"version-history":[{"count":7,"href":"http:\/\/swiatkamieni.com\/pl\/wp-json\/wp\/v2\/pages\/1057\/revisions"}],"predecessor-version":[{"id":1372,"href":"http:\/\/swiatkamieni.com\/pl\/wp-json\/wp\/v2\/pages\/1057\/revisions\/1372"}],"up":[{"embeddable":true,"href":"http:\/\/swiatkamieni.com\/pl\/wp-json\/wp\/v2\/pages\/1059"}],"wp:attachment":[{"href":"http:\/\/swiatkamieni.com\/pl\/wp-json\/wp\/v2\/media?parent=1057"}],"curies":[{"name":"wp","href":"https:\/\/api.w.org\/{rel}","templated":true}]}}