{"id":1054,"date":"2020-07-29T09:15:53","date_gmt":"2020-07-29T09:15:53","guid":{"rendered":"http:\/\/swiatkamieni.com\/kamine\/"},"modified":"2020-08-24T11:30:02","modified_gmt":"2020-08-24T11:30:02","slug":"kominki","status":"publish","type":"page","link":"http:\/\/swiatkamieni.com\/pl\/realizacje\/kominki\/","title":{"rendered":"Kominki"},"content":{"rendered":"\t\t<div data-elementor-type=\"wp-page\" data-elementor-id=\"1054\" class=\"elementor elementor-1054 elementor-246\" data-elementor-post-type=\"page\">\n\t\t\t\t\t\t<section class=\"elementor-section elementor-top-section elementor-element elementor-element-6167b248 elementor-section-content-middle elementor-section-boxed elementor-section-height-default elementor-section-height-default\" data-id=\"6167b248\" data-element_type=\"section\">\n\t\t\t\t\t\t<div class=\"elementor-container elementor-column-gap-default\">\n\t\t\t\t\t<div class=\"elementor-column elementor-col-100 elementor-top-column elementor-element elementor-element-2445d41b\" data-id=\"2445d41b\" data-element_type=\"column\">\n\t\t\t<div class=\"elementor-widget-wrap elementor-element-populated\">\n\t\t\t\t\t\t<div class=\"elementor-element elementor-element-270f43ea elementor-widget elementor-widget-heading\" data-id=\"270f43ea\" data-element_type=\"widget\" data-widget_type=\"heading.default\">\n\t\t\t\t<div class=\"elementor-widget-container\">\n\t\t\t<h1 class=\"elementor-heading-title elementor-size-default\">Realizacje <span style=\"color:#8d7e64\">&gt; <\/span> Kominki<\/h1>\t\t<\/div>\n\t\t\t\t<\/div>\n\t\t\t\t<div class=\"elementor-element elementor-element-2732aef6 ee-grid-halign--center ee-media-effect__content--from-bottom ee-grid-columns-3 ee-grid-columns-tablet-2 ee-grid-columns-mobile-1 ee-grid-align--top ee-gallery-overflow-tablet--yes ee-gallery-overflow-mobile--yes ee-media-align--bottom ee-media-align--justify elementor-widget elementor-widget-gallery-extra\" data-id=\"2732aef6\" data-element_type=\"widget\" data-settings=\"{&quot;columns&quot;:&quot;3&quot;,&quot;columns_tablet&quot;:&quot;2&quot;,&quot;columns_mobile&quot;:&quot;1&quot;}\" data-widget_type=\"gallery-extra.default\">\n\t\t\t\t<div class=\"elementor-widget-container\">\n\t\t\t<div class=\"ee-gallery-wrapper\">\n\t\t\t<div class=\"ee-gallery ee-grid ee-grid--gallery ee-gallery__gallery\"><div class=\"ee-gallery__item ee-gallery__item--1 ee-grid__item\">\n\t\t\t\t<a class=\"ee-media ee-gallery__media\" data-elementor-open-lightbox=\"yes\" data-elementor-lightbox-slideshow=\"2732aef6_1054\" data-elementor-lightbox-title=\"kom-1\" data-e-action-hash=\"#elementor-action%3Aaction%3Dlightbox%26settings%3DeyJpZCI6ODY4LCJ1cmwiOiJodHRwOlwvXC9zd2lhdGthbWllbmkuY29tXC93cC1jb250ZW50XC91cGxvYWRzXC8yMDIwXC8wOFwva29tLTEuanBnIiwic2xpZGVzaG93IjoiMjczMmFlZjZfMTA1NCJ9\" href=\"http:\/\/swiatkamieni.com\/wp-content\/uploads\/2020\/08\/kom-1.jpg\">\n\t\t\t\t\t<div class=\"ee-media__wrapper ee-gallery__media-wrapper\"><div class=\"ee-media__thumbnail ee-gallery__media__thumbnail\">\n\t\t\t<img decoding=\"async\" src=\"http:\/\/swiatkamieni.com\/wp-content\/uploads\/elementor\/thumbs\/kom-1-otildyh6gpn26eh1ruswjr5wfnxtux6e2pc9xho43c.jpg\" title=\"kom-1\" \/>\n\t\t<\/div><div class=\"ee-media__overlay ee-gallery__media__overlay\"><\/div><figcaption class=\"ee-media__content ee-gallery__media__content\">\n\t\t\t<div class=\"wp-caption-text ee-media__content__caption ee-gallery__media__caption ee-caption ee-caption--wordpress\">\n\t\t\t\tkom-1\t\t\t<\/div>\n\t\t<\/figcaption><\/div>\n\t\t\t\t<\/a>\n\t\t\t<\/div><div class=\"ee-gallery__item ee-gallery__item--2 ee-grid__item\">\n\t\t\t\t<a class=\"ee-media ee-gallery__media\" data-elementor-open-lightbox=\"yes\" data-elementor-lightbox-slideshow=\"2732aef6_1054\" data-elementor-lightbox-title=\"kom-2\" data-e-action-hash=\"#elementor-action%3Aaction%3Dlightbox%26settings%3DeyJpZCI6ODY5LCJ1cmwiOiJodHRwOlwvXC9zd2lhdGthbWllbmkuY29tXC93cC1jb250ZW50XC91cGxvYWRzXC8yMDIwXC8wOFwva29tLTIuanBnIiwic2xpZGVzaG93IjoiMjczMmFlZjZfMTA1NCJ9\" href=\"http:\/\/swiatkamieni.com\/wp-content\/uploads\/2020\/08\/kom-2.jpg\">\n\t\t\t\t\t<div class=\"ee-media__wrapper ee-gallery__media-wrapper\"><div class=\"ee-media__thumbnail ee-gallery__media__thumbnail\">\n\t\t\t<img decoding=\"async\" src=\"http:\/\/swiatkamieni.com\/wp-content\/uploads\/elementor\/thumbs\/kom-2-otile28j81s7gubl5wfetq7qt7fapplbf7y7ulijeg.jpg\" title=\"kom-2\" \/>\n\t\t<\/div><div class=\"ee-media__overlay ee-gallery__media__overlay\"><\/div><figcaption class=\"ee-media__content ee-gallery__media__content\">\n\t\t\t<div class=\"wp-caption-text ee-media__content__caption ee-gallery__media__caption ee-caption ee-caption--wordpress\">\n\t\t\t\tkom-2\t\t\t<\/div>\n\t\t<\/figcaption><\/div>\n\t\t\t\t<\/a>\n\t\t\t<\/div><div class=\"ee-gallery__item ee-gallery__item--3 ee-grid__item\">\n\t\t\t\t<a class=\"ee-media ee-gallery__media\" data-elementor-open-lightbox=\"yes\" data-elementor-lightbox-slideshow=\"2732aef6_1054\" data-elementor-lightbox-title=\"kom-3\" data-e-action-hash=\"#elementor-action%3Aaction%3Dlightbox%26settings%3DeyJpZCI6ODcwLCJ1cmwiOiJodHRwOlwvXC9zd2lhdGthbWllbmkuY29tXC93cC1jb250ZW50XC91cGxvYWRzXC8yMDIwXC8wOFwva29tLTMuanBnIiwic2xpZGVzaG93IjoiMjczMmFlZjZfMTA1NCJ9\" href=\"http:\/\/swiatkamieni.com\/wp-content\/uploads\/2020\/08\/kom-3.jpg\">\n\t\t\t\t\t<div class=\"ee-media__wrapper ee-gallery__media-wrapper\"><div class=\"ee-media__thumbnail ee-gallery__media__thumbnail\">\n\t\t\t<img decoding=\"async\" src=\"http:\/\/swiatkamieni.com\/wp-content\/uploads\/elementor\/thumbs\/kom-3-otile447lpus428uux8nypqnzz6153ss3h96t5fr20.jpg\" title=\"kom-3\" \/>\n\t\t<\/div><div class=\"ee-media__overlay ee-gallery__media__overlay\"><\/div><figcaption class=\"ee-media__content ee-gallery__media__content\">\n\t\t\t<div class=\"wp-caption-text ee-media__content__caption ee-gallery__media__caption ee-caption ee-caption--wordpress\">\n\t\t\t\tkom-3\t\t\t<\/div>\n\t\t<\/figcaption><\/div>\n\t\t\t\t<\/a>\n\t\t\t<\/div><div class=\"ee-gallery__item ee-gallery__item--4 ee-grid__item\">\n\t\t\t\t<a class=\"ee-media ee-gallery__media\" data-elementor-open-lightbox=\"yes\" data-elementor-lightbox-slideshow=\"2732aef6_1054\" data-elementor-lightbox-title=\"kom-4\" data-e-action-hash=\"#elementor-action%3Aaction%3Dlightbox%26settings%3DeyJpZCI6ODcxLCJ1cmwiOiJodHRwOlwvXC9zd2lhdGthbWllbmkuY29tXC93cC1jb250ZW50XC91cGxvYWRzXC8yMDIwXC8wOFwva29tLTQuanBnIiwic2xpZGVzaG93IjoiMjczMmFlZjZfMTA1NCJ9\" href=\"http:\/\/swiatkamieni.com\/wp-content\/uploads\/2020\/08\/kom-4.jpg\">\n\t\t\t\t\t<div class=\"ee-media__wrapper ee-gallery__media-wrapper\"><div class=\"ee-media__thumbnail ee-gallery__media__thumbnail\">\n\t\t\t<img decoding=\"async\" src=\"http:\/\/swiatkamieni.com\/wp-content\/uploads\/elementor\/thumbs\/kom-4-otile521sjw2fo7hpfnaj7i4ld1ecswiflwoafecvs.jpg\" title=\"kom-4\" \/>\n\t\t<\/div><div class=\"ee-media__overlay ee-gallery__media__overlay\"><\/div><figcaption class=\"ee-media__content ee-gallery__media__content\">\n\t\t\t<div class=\"wp-caption-text ee-media__content__caption ee-gallery__media__caption ee-caption ee-caption--wordpress\">\n\t\t\t\tkom-4\t\t\t<\/div>\n\t\t<\/figcaption><\/div>\n\t\t\t\t<\/a>\n\t\t\t<\/div><div class=\"ee-gallery__item ee-gallery__item--5 ee-grid__item\">\n\t\t\t\t<a class=\"ee-media ee-gallery__media\" data-elementor-open-lightbox=\"yes\" data-elementor-lightbox-slideshow=\"2732aef6_1054\" data-elementor-lightbox-title=\"kom-5\" data-e-action-hash=\"#elementor-action%3Aaction%3Dlightbox%26settings%3DeyJpZCI6ODcyLCJ1cmwiOiJodHRwOlwvXC9zd2lhdGthbWllbmkuY29tXC93cC1jb250ZW50XC91cGxvYWRzXC8yMDIwXC8wOFwva29tLTUuanBnIiwic2xpZGVzaG93IjoiMjczMmFlZjZfMTA1NCJ9\" href=\"http:\/\/swiatkamieni.com\/wp-content\/uploads\/2020\/08\/kom-5.jpg\">\n\t\t\t\t\t<div class=\"ee-media__wrapper ee-gallery__media-wrapper\"><div class=\"ee-media__thumbnail ee-gallery__media__thumbnail\">\n\t\t\t<img decoding=\"async\" src=\"http:\/\/swiatkamieni.com\/wp-content\/uploads\/elementor\/thumbs\/kom-5-otile6xq67yn2w4reggjo711s4s4s73z3v7n8zbkjc.jpg\" title=\"kom-5\" \/>\n\t\t<\/div><div class=\"ee-media__overlay ee-gallery__media__overlay\"><\/div><figcaption class=\"ee-media__content ee-gallery__media__content\">\n\t\t\t<div class=\"wp-caption-text ee-media__content__caption ee-gallery__media__caption ee-caption ee-caption--wordpress\">\n\t\t\t\tkom-5\t\t\t<\/div>\n\t\t<\/figcaption><\/div>\n\t\t\t\t<\/a>\n\t\t\t<\/div><div class=\"ee-gallery__item ee-gallery__item--6 ee-grid__item\">\n\t\t\t\t<a class=\"ee-media ee-gallery__media\" data-elementor-open-lightbox=\"yes\" data-elementor-lightbox-slideshow=\"2732aef6_1054\" data-elementor-lightbox-title=\"kom-6\" data-e-action-hash=\"#elementor-action%3Aaction%3Dlightbox%26settings%3DeyJpZCI6ODczLCJ1cmwiOiJodHRwOlwvXC9zd2lhdGthbWllbmkuY29tXC93cC1jb250ZW50XC91cGxvYWRzXC8yMDIwXC8wOFwva29tLTYuanBnIiwic2xpZGVzaG93IjoiMjczMmFlZjZfMTA1NCJ9\" href=\"http:\/\/swiatkamieni.com\/wp-content\/uploads\/2020\/08\/kom-6.jpg\">\n\t\t\t\t\t<div class=\"ee-media__wrapper ee-gallery__media-wrapper\"><div class=\"ee-media__thumbnail ee-gallery__media__thumbnail\">\n\t\t\t<img decoding=\"async\" src=\"http:\/\/swiatkamieni.com\/wp-content\/uploads\/elementor\/thumbs\/kom-6-otile8tejw17q4213h9st6jyywiv7lbfs4im7j8s6w.jpg\" title=\"kom-6\" \/>\n\t\t<\/div><div class=\"ee-media__overlay ee-gallery__media__overlay\"><\/div><figcaption class=\"ee-media__content ee-gallery__media__content\">\n\t\t\t<div class=\"wp-caption-text ee-media__content__caption ee-gallery__media__caption ee-caption ee-caption--wordpress\">\n\t\t\t\tkom-6\t\t\t<\/div>\n\t\t<\/figcaption><\/div>\n\t\t\t\t<\/a>\n\t\t\t<\/div><div class=\"ee-gallery__item ee-gallery__item--7 ee-grid__item\">\n\t\t\t\t<a class=\"ee-media ee-gallery__media\" data-elementor-open-lightbox=\"yes\" data-elementor-lightbox-slideshow=\"2732aef6_1054\" data-elementor-lightbox-title=\"kom-7\" data-e-action-hash=\"#elementor-action%3Aaction%3Dlightbox%26settings%3DeyJpZCI6ODc0LCJ1cmwiOiJodHRwOlwvXC9zd2lhdGthbWllbmkuY29tXC93cC1jb250ZW50XC91cGxvYWRzXC8yMDIwXC8wOFwva29tLTcuanBnIiwic2xpZGVzaG93IjoiMjczMmFlZjZfMTA1NCJ9\" href=\"http:\/\/swiatkamieni.com\/wp-content\/uploads\/2020\/08\/kom-7.jpg\">\n\t\t\t\t\t<div class=\"ee-media__wrapper ee-gallery__media-wrapper\"><div class=\"ee-media__thumbnail ee-gallery__media__thumbnail\">\n\t\t\t<img decoding=\"async\" src=\"http:\/\/swiatkamieni.com\/wp-content\/uploads\/elementor\/thumbs\/kom-7-otile9r8qq2i1q0nxzofdobfkae8faf64963ot7e0o.jpg\" title=\"kom-7\" \/>\n\t\t<\/div><div class=\"ee-media__overlay ee-gallery__media__overlay\"><\/div><figcaption class=\"ee-media__content ee-gallery__media__content\">\n\t\t\t<div class=\"wp-caption-text ee-media__content__caption ee-gallery__media__caption ee-caption ee-caption--wordpress\">\n\t\t\t\tkom-7\t\t\t<\/div>\n\t\t<\/figcaption><\/div>\n\t\t\t\t<\/a>\n\t\t\t<\/div><\/div>\n\t\t<\/div>\t\t<\/div>\n\t\t\t\t<\/div>\n\t\t\t\t<div class=\"elementor-element elementor-element-3db4419a elementor-hidden-phone elementor-widget elementor-widget-premium-addon-button\" data-id=\"3db4419a\" data-element_type=\"widget\" data-widget_type=\"premium-addon-button.default\">\n\t\t\t\t<div class=\"elementor-widget-container\">\n\t\t\t\n\n\t\t<a class=\"premium-button premium-button-none premium-btn-lg premium-button-none\" href=\"http:\/\/swiatkamieni.com\/pl\/realizacje\/\">\n\t\t\t<div class=\"premium-button-text-icon-wrapper\">\n\t\t\t\t\n\t\t\t\t\t<!-- Before Icon -->\n\t\t\t\t\t\t\t\t\t\n\t\t\t\t\t\t\t\t\t<span >\n\t\t\t\t\t\tWszystkie realizacje\t\t\t\t\t<\/span>\n\t\t\t\t\n\t\t\t\t<!-- After Icon -->\n\t\t\t\t\t\t\t\t\t\t\t\t\t\t\t\t\t\t\t\t\t\t<i class=\"premium-svg-nodraw premium-drawable-icon fas fa-chevron-right\" aria-hidden=\"true\"><\/i>\t\t\t\t\t\t\t\t\t\t\t\t\t\t\t\t\t\t<\/div>\n\n\t\t\t\n\t\t\t\n\t\t\t\n\t\t<\/a>\n\n\n\t\t\t\t<\/div>\n\t\t\t\t<\/div>\n\t\t\t\t<div class=\"elementor-element elementor-element-5c8e880 elementor-hidden-desktop elementor-hidden-tablet elementor-widget elementor-widget-premium-addon-button\" data-id=\"5c8e880\" data-element_type=\"widget\" data-widget_type=\"premium-addon-button.default\">\n\t\t\t\t<div class=\"elementor-widget-container\">\n\t\t\t\n\n\t\t<a class=\"premium-button premium-button-none premium-btn-lg premium-button-none\" href=\"http:\/\/swiatkamieni.com\/pl\/realizacje\/\">\n\t\t\t<div class=\"premium-button-text-icon-wrapper\">\n\t\t\t\t\n\t\t\t\t\t<!-- Before Icon -->\n\t\t\t\t\t\t\t\t\t\n\t\t\t\t\t\t\t\t\t<span >\n\t\t\t\t\t\tWszystkie realizacje\t\t\t\t\t<\/span>\n\t\t\t\t\n\t\t\t\t<!-- After Icon -->\n\t\t\t\t\t\t\t\t\t\t\t\t\t\t\t\t\t\t\t\t\t\t<svg xmlns=\"http:\/\/www.w3.org\/2000\/svg\" width=\"32\" height=\"32\" viewBox=\"0 0 32 32\"><g fill=\"none\" fill-rule=\"evenodd\" stroke=\"#B7A991\"><path stroke-width=\"2\" d=\"M17.25 10.5L21.75 15 17.25 19.5M8.25 15L19.5 15\" transform=\"translate(1 1)\"><\/path><path stroke-width=\"1.5\" d=\"M21.75 15L19.5 15\" transform=\"translate(1 1)\"><\/path><path stroke-width=\"2\" d=\"M15 0c8.285 0 15 6.715 15 15s-6.715 15-15 15S0 23.285 0 15 6.715 0 15 0z\" transform=\"translate(1 1)\"><\/path><\/g><\/svg>\t\t\t\t\t\t\t\t\t\t\t\t\t\t\t\t\t\t<\/div>\n\n\t\t\t\n\t\t\t\n\t\t\t\n\t\t<\/a>\n\n\n\t\t\t\t<\/div>\n\t\t\t\t<\/div>\n\t\t\t\t\t<\/div>\n\t\t<\/div>\n\t\t\t\t\t<\/div>\n\t\t<\/section>\n\t\t\t\t<section class=\"elementor-section elementor-top-section elementor-element elementor-element-160ac481 elementor-section-content-middle elementor-reverse-mobile elementor-section-boxed elementor-section-height-default elementor-section-height-default\" data-id=\"160ac481\" data-element_type=\"section\">\n\t\t\t\t\t\t<div class=\"elementor-container elementor-column-gap-default\">\n\t\t\t\t\t<div class=\"elementor-column elementor-col-50 elementor-top-column elementor-element elementor-element-1a141912\" data-id=\"1a141912\" data-element_type=\"column\" data-settings=\"{&quot;background_background&quot;:&quot;classic&quot;}\">\n\t\t\t<div class=\"elementor-widget-wrap elementor-element-populated\">\n\t\t\t\t\t\t<div class=\"elementor-element elementor-element-45e78e74 elementor-widget elementor-widget-heading\" data-id=\"45e78e74\" data-element_type=\"widget\" data-widget_type=\"heading.default\">\n\t\t\t\t<div class=\"elementor-widget-container\">\n\t\t\t<h2 class=\"elementor-heading-title elementor-size-default\">Oferta<\/h2>\t\t<\/div>\n\t\t\t\t<\/div>\n\t\t\t\t<div class=\"elementor-element elementor-element-87d8972 elementor-widget elementor-widget-heading\" data-id=\"87d8972\" data-element_type=\"widget\" data-widget_type=\"heading.default\">\n\t\t\t\t<div class=\"elementor-widget-container\">\n\t\t\t<h3 class=\"elementor-heading-title elementor-size-default\">Poznaj pe\u0142n\u0105 gam\u0119 naszej oferty oraz przyk\u0142adowe realizacje.<\/h3>\t\t<\/div>\n\t\t\t\t<\/div>\n\t\t\t\t\t<\/div>\n\t\t<\/div>\n\t\t\t\t<div class=\"elementor-column elementor-col-50 elementor-top-column elementor-element elementor-element-6bb534d1\" data-id=\"6bb534d1\" data-element_type=\"column\" data-settings=\"{&quot;background_background&quot;:&quot;classic&quot;}\">\n\t\t\t<div class=\"elementor-widget-wrap elementor-element-populated\">\n\t\t\t\t\t\t<div class=\"elementor-element elementor-element-70bc4f4c elementor-widget-divider--view-line elementor-widget elementor-widget-divider\" data-id=\"70bc4f4c\" data-element_type=\"widget\" data-widget_type=\"divider.default\">\n\t\t\t\t<div class=\"elementor-widget-container\">\n\t\t\t\t\t<div class=\"elementor-divider\">\n\t\t\t<span class=\"elementor-divider-separator\">\n\t\t\t\t\t\t<\/span>\n\t\t<\/div>\n\t\t\t\t<\/div>\n\t\t\t\t<\/div>\n\t\t\t\t\t<\/div>\n\t\t<\/div>\n\t\t\t\t\t<\/div>\n\t\t<\/section>\n\t\t\t\t<\/div>\n\t\t","protected":false},"excerpt":{"rendered":"<p>kom-1 kom-2 kom-3 kom-4 kom-5 kom-6 kom-7 Wszystkie realizacje Wszystkie realizacje Oferta Poznaj pe\u0142n\u0105 gam\u0119 naszej oferty oraz przyk\u0142adowe realizacje.<\/p>\n","protected":false},"author":1,"featured_media":0,"parent":1059,"menu_order":0,"comment_status":"closed","ping_status":"closed","template":"","meta":{"_seopress_robots_primary_cat":"","_seopress_titles_title":"","_seopress_titles_desc":"","_seopress_robots_index":"","footnotes":""},"class_list":["post-1054","page","type-page","status-publish","hentry"],"_links":{"self":[{"href":"http:\/\/swiatkamieni.com\/pl\/wp-json\/wp\/v2\/pages\/1054","targetHints":{"allow":["GET"]}}],"collection":[{"href":"http:\/\/swiatkamieni.com\/pl\/wp-json\/wp\/v2\/pages"}],"about":[{"href":"http:\/\/swiatkamieni.com\/pl\/wp-json\/wp\/v2\/types\/page"}],"author":[{"embeddable":true,"href":"http:\/\/swiatkamieni.com\/pl\/wp-json\/wp\/v2\/users\/1"}],"replies":[{"embeddable":true,"href":"http:\/\/swiatkamieni.com\/pl\/wp-json\/wp\/v2\/comments?post=1054"}],"version-history":[{"count":3,"href":"http:\/\/swiatkamieni.com\/pl\/wp-json\/wp\/v2\/pages\/1054\/revisions"}],"predecessor-version":[{"id":1138,"href":"http:\/\/swiatkamieni.com\/pl\/wp-json\/wp\/v2\/pages\/1054\/revisions\/1138"}],"up":[{"embeddable":true,"href":"http:\/\/swiatkamieni.com\/pl\/wp-json\/wp\/v2\/pages\/1059"}],"wp:attachment":[{"href":"http:\/\/swiatkamieni.com\/pl\/wp-json\/wp\/v2\/media?parent=1054"}],"curies":[{"name":"wp","href":"https:\/\/api.w.org\/{rel}","templated":true}]}}